{"id":1411,"date":"2021-10-19T20:53:56","date_gmt":"2021-10-19T18:53:56","guid":{"rendered":"https:\/\/www.cars4fungarage.cz\/?page_id=1411"},"modified":"2024-01-02T21:20:25","modified_gmt":"2024-01-02T20:20:25","slug":"vymeny-rozvodu","status":"publish","type":"page","link":"https:\/\/www.cars4fungarage.cz\/en\/homepage\/vymeny-rozvodu\/","title":{"rendered":"Timing belt replacements and routine maintenance"},"content":{"rendered":"<figure class=\"wp-block-gallery alignfull has-nested-images columns-2 is-cropped wp-block-gallery-1 is-layout-flex wp-block-gallery-is-layout-flex\">\n<figure class=\"wp-block-image size-large\"><img loading=\"lazy\" decoding=\"async\" width=\"819\" height=\"1024\" data-id=\"2626\" src=\"https:\/\/www.cars4fungarage.cz\/wp-content\/uploads\/2024\/01\/image.jpeg\" alt=\"Tento obr\u00e1zek nem\u00e1 vypln\u011bn\u00fd atribut alt; n\u00e1zev souboru je 648EEEC2-1B8E-40B9-9A17-FF79357318D0-819x1024.jpg.\" class=\"wp-image-2626\" srcset=\"https:\/\/www.cars4fungarage.cz\/wp-content\/uploads\/2024\/01\/image.jpeg 819w, https:\/\/www.cars4fungarage.cz\/wp-content\/uploads\/2024\/01\/image-240x300.jpeg 240w, https:\/\/www.cars4fungarage.cz\/wp-content\/uploads\/2024\/01\/image-768x960.jpeg 768w\" sizes=\"(max-width: 819px) 100vw, 819px\" \/><\/figure>\n\n\n\n<figure class=\"wp-block-image size-large\"><img loading=\"lazy\" decoding=\"async\" width=\"768\" height=\"1024\" data-id=\"1849\" src=\"https:\/\/www.cars4fungarage.cz\/wp-content\/uploads\/2021\/10\/IMG_1155-2-768x1024.jpg\" alt=\"\" class=\"wp-image-1849\" srcset=\"https:\/\/www.cars4fungarage.cz\/wp-content\/uploads\/2021\/10\/IMG_1155-2-768x1024.jpg 768w, https:\/\/www.cars4fungarage.cz\/wp-content\/uploads\/2021\/10\/IMG_1155-2-225x300.jpg 225w, https:\/\/www.cars4fungarage.cz\/wp-content\/uploads\/2021\/10\/IMG_1155-2-1152x1536.jpg 1152w, https:\/\/www.cars4fungarage.cz\/wp-content\/uploads\/2021\/10\/IMG_1155-2.jpg 1200w\" sizes=\"(max-width: 768px) 100vw, 768px\" \/><\/figure>\n\n\n\n<figure class=\"wp-block-image size-large\"><img loading=\"lazy\" decoding=\"async\" width=\"768\" height=\"1024\" data-id=\"1847\" src=\"https:\/\/www.cars4fungarage.cz\/wp-content\/uploads\/2021\/10\/IMG_1179-2-768x1024.jpg\" alt=\"\" class=\"wp-image-1847\" srcset=\"https:\/\/www.cars4fungarage.cz\/wp-content\/uploads\/2021\/10\/IMG_1179-2-768x1024.jpg 768w, https:\/\/www.cars4fungarage.cz\/wp-content\/uploads\/2021\/10\/IMG_1179-2-225x300.jpg 225w, https:\/\/www.cars4fungarage.cz\/wp-content\/uploads\/2021\/10\/IMG_1179-2-1152x1536.jpg 1152w, https:\/\/www.cars4fungarage.cz\/wp-content\/uploads\/2021\/10\/IMG_1179-2-rotated.jpg 1200w\" sizes=\"(max-width: 768px) 100vw, 768px\" \/><\/figure>\n\n\n\n<figure class=\"wp-block-image size-large\"><img loading=\"lazy\" decoding=\"async\" width=\"768\" height=\"1024\" data-id=\"1845\" src=\"https:\/\/www.cars4fungarage.cz\/wp-content\/uploads\/2021\/10\/IMG_1161-2-768x1024.jpg\" alt=\"\" class=\"wp-image-1845\" srcset=\"https:\/\/www.cars4fungarage.cz\/wp-content\/uploads\/2021\/10\/IMG_1161-2-768x1024.jpg 768w, https:\/\/www.cars4fungarage.cz\/wp-content\/uploads\/2021\/10\/IMG_1161-2-225x300.jpg 225w, https:\/\/www.cars4fungarage.cz\/wp-content\/uploads\/2021\/10\/IMG_1161-2-1152x1536.jpg 1152w, https:\/\/www.cars4fungarage.cz\/wp-content\/uploads\/2021\/10\/IMG_1161-2-rotated.jpg 1200w\" sizes=\"(max-width: 768px) 100vw, 768px\" \/><\/figure>\n\n\n\n<figure class=\"wp-block-image size-large\"><img loading=\"lazy\" decoding=\"async\" width=\"768\" height=\"1024\" data-id=\"1843\" src=\"https:\/\/www.cars4fungarage.cz\/wp-content\/uploads\/2021\/10\/IMG_9036-2-768x1024.jpg\" alt=\"\" class=\"wp-image-1843\" srcset=\"https:\/\/www.cars4fungarage.cz\/wp-content\/uploads\/2021\/10\/IMG_9036-2-768x1024.jpg 768w, https:\/\/www.cars4fungarage.cz\/wp-content\/uploads\/2021\/10\/IMG_9036-2-225x300.jpg 225w, https:\/\/www.cars4fungarage.cz\/wp-content\/uploads\/2021\/10\/IMG_9036-2-1152x1536.jpg 1152w, https:\/\/www.cars4fungarage.cz\/wp-content\/uploads\/2021\/10\/IMG_9036-2-rotated.jpg 1200w\" sizes=\"(max-width: 768px) 100vw, 768px\" \/><\/figure>\n\n\n\n<figure class=\"wp-block-image size-large\"><img loading=\"lazy\" decoding=\"async\" width=\"768\" height=\"1024\" data-id=\"1841\" src=\"https:\/\/www.cars4fungarage.cz\/wp-content\/uploads\/2021\/10\/IMG_9126-2-768x1024.jpg\" alt=\"\" class=\"wp-image-1841\" srcset=\"https:\/\/www.cars4fungarage.cz\/wp-content\/uploads\/2021\/10\/IMG_9126-2-768x1024.jpg 768w, https:\/\/www.cars4fungarage.cz\/wp-content\/uploads\/2021\/10\/IMG_9126-2-225x300.jpg 225w, https:\/\/www.cars4fungarage.cz\/wp-content\/uploads\/2021\/10\/IMG_9126-2-1152x1536.jpg 1152w, https:\/\/www.cars4fungarage.cz\/wp-content\/uploads\/2021\/10\/IMG_9126-2.jpg 1200w\" sizes=\"(max-width: 768px) 100vw, 768px\" \/><\/figure>\n\n\n\n<figure class=\"wp-block-image size-large\"><img loading=\"lazy\" decoding=\"async\" width=\"768\" height=\"1024\" data-id=\"1839\" src=\"https:\/\/www.cars4fungarage.cz\/wp-content\/uploads\/2021\/10\/IMG_1180-2-2-768x1024.jpg\" alt=\"\" class=\"wp-image-1839\" srcset=\"https:\/\/www.cars4fungarage.cz\/wp-content\/uploads\/2021\/10\/IMG_1180-2-2-768x1024.jpg 768w, https:\/\/www.cars4fungarage.cz\/wp-content\/uploads\/2021\/10\/IMG_1180-2-2-225x300.jpg 225w, https:\/\/www.cars4fungarage.cz\/wp-content\/uploads\/2021\/10\/IMG_1180-2-2-1152x1536.jpg 1152w, https:\/\/www.cars4fungarage.cz\/wp-content\/uploads\/2021\/10\/IMG_1180-2-2.jpg 1200w\" sizes=\"(max-width: 768px) 100vw, 768px\" \/><\/figure>\n\n\n\n<figure class=\"wp-block-image size-large\"><img loading=\"lazy\" decoding=\"async\" width=\"768\" height=\"1024\" data-id=\"1837\" src=\"https:\/\/www.cars4fungarage.cz\/wp-content\/uploads\/2021\/10\/IMG_7294-2-2-768x1024.jpg\" alt=\"\" class=\"wp-image-1837\" srcset=\"https:\/\/www.cars4fungarage.cz\/wp-content\/uploads\/2021\/10\/IMG_7294-2-2-768x1024.jpg 768w, https:\/\/www.cars4fungarage.cz\/wp-content\/uploads\/2021\/10\/IMG_7294-2-2-225x300.jpg 225w, https:\/\/www.cars4fungarage.cz\/wp-content\/uploads\/2021\/10\/IMG_7294-2-2-1152x1536.jpg 1152w, https:\/\/www.cars4fungarage.cz\/wp-content\/uploads\/2021\/10\/IMG_7294-2-2.jpg 1200w\" sizes=\"(max-width: 768px) 100vw, 768px\" \/><\/figure>\n\n\n\n<figure class=\"wp-block-image size-large\"><img loading=\"lazy\" decoding=\"async\" width=\"768\" height=\"1024\" data-id=\"1835\" src=\"https:\/\/www.cars4fungarage.cz\/wp-content\/uploads\/2021\/10\/IMG_0828-2-768x1024.jpg\" alt=\"\" class=\"wp-image-1835\" srcset=\"https:\/\/www.cars4fungarage.cz\/wp-content\/uploads\/2021\/10\/IMG_0828-2-768x1024.jpg 768w, https:\/\/www.cars4fungarage.cz\/wp-content\/uploads\/2021\/10\/IMG_0828-2-225x300.jpg 225w, https:\/\/www.cars4fungarage.cz\/wp-content\/uploads\/2021\/10\/IMG_0828-2-1152x1536.jpg 1152w, https:\/\/www.cars4fungarage.cz\/wp-content\/uploads\/2021\/10\/IMG_0828-2.jpg 1200w\" sizes=\"(max-width: 768px) 100vw, 768px\" \/><\/figure>\n<\/figure>","protected":false},"excerpt":{"rendered":"","protected":false},"author":1,"featured_media":1413,"parent":1181,"menu_order":0,"comment_status":"closed","ping_status":"closed","template":"templates\/full-width-page.php","meta":{"pgc_sgb_lightbox_settings":"","footnotes":""},"aioseo_notices":[],"_links":{"self":[{"href":"https:\/\/www.cars4fungarage.cz\/en\/wp-json\/wp\/v2\/pages\/1411"}],"collection":[{"href":"https:\/\/www.cars4fungarage.cz\/en\/wp-json\/wp\/v2\/pages"}],"about":[{"href":"https:\/\/www.cars4fungarage.cz\/en\/wp-json\/wp\/v2\/types\/page"}],"author":[{"embeddable":true,"href":"https:\/\/www.cars4fungarage.cz\/en\/wp-json\/wp\/v2\/users\/1"}],"replies":[{"embeddable":true,"href":"https:\/\/www.cars4fungarage.cz\/en\/wp-json\/wp\/v2\/comments?post=1411"}],"version-history":[{"count":5,"href":"https:\/\/www.cars4fungarage.cz\/en\/wp-json\/wp\/v2\/pages\/1411\/revisions"}],"predecessor-version":[{"id":2680,"href":"https:\/\/www.cars4fungarage.cz\/en\/wp-json\/wp\/v2\/pages\/1411\/revisions\/2680"}],"up":[{"embeddable":true,"href":"https:\/\/www.cars4fungarage.cz\/en\/wp-json\/wp\/v2\/pages\/1181"}],"wp:featuredmedia":[{"embeddable":true,"href":"https:\/\/www.cars4fungarage.cz\/en\/wp-json\/wp\/v2\/media\/1413"}],"wp:attachment":[{"href":"https:\/\/www.cars4fungarage.cz\/en\/wp-json\/wp\/v2\/media?parent=1411"}],"curies":[{"name":"wp","href":"https:\/\/api.w.org\/{rel}","templated":true}]}}